{"id":87,"date":"2023-12-08T08:38:41","date_gmt":"2023-12-08T08:38:41","guid":{"rendered":"https:\/\/plug-in-romania.net\/?page_id=87"},"modified":"2023-12-08T08:41:39","modified_gmt":"2023-12-08T08:41:39","slug":"politica-de-confidentialitate","status":"publish","type":"page","link":"https:\/\/plug-in-romania.net\/index.php\/politica-de-confidentialitate\/","title":{"rendered":"Politica de confidentialitate"},"content":{"rendered":"\t\t<div data-elementor-type=\"wp-page\" data-elementor-id=\"87\" class=\"elementor elementor-87\" data-elementor-post-type=\"page\">\n\t\t\t\t\t\t\t<div class=\"elementor-element elementor-element-cdecb74 e-flex e-con-boxed e-con e-parent\" data-id=\"cdecb74\" data-element_type=\"container\" data-settings=\"{&quot;content_width&quot;:&quot;boxed&quot;}\" data-core-v316-plus=\"true\">\n\t\t\t\t\t<div class=\"e-con-inner\">\n\t\t\t\t<div class=\"elementor-element elementor-element-3dd8b1b elementor-widget elementor-widget-text-editor\" data-id=\"3dd8b1b\" data-element_type=\"widget\" data-widget_type=\"text-editor.default\">\n\t\t\t\t<div class=\"elementor-widget-container\">\n\t\t\t<style>\/*! elementor - v3.17.0 - 08-11-2023 *\/\n.elementor-widget-text-editor.elementor-drop-cap-view-stacked .elementor-drop-cap{background-color:#69727d;color:#fff}.elementor-widget-text-editor.elementor-drop-cap-view-framed .elementor-drop-cap{color:#69727d;border:3px solid;background-color:transparent}.elementor-widget-text-editor:not(.elementor-drop-cap-view-default) .elementor-drop-cap{margin-top:8px}.elementor-widget-text-editor:not(.elementor-drop-cap-view-default) .elementor-drop-cap-letter{width:1em;height:1em}.elementor-widget-text-editor .elementor-drop-cap{float:left;text-align:center;line-height:1;font-size:50px}.elementor-widget-text-editor .elementor-drop-cap-letter{display:inline-block}<\/style>\t\t\t\t<div class=\"elementor-element elementor-element-45755ce elementor-widget elementor-widget-text-editor\" data-id=\"45755ce\" data-element_type=\"widget\" data-widget_type=\"text-editor.default\"><div class=\"elementor-widget-container\"><p>Mul\u021bumim pentru utilizarea website-ului Plug in Romania (plug-in-romania.net). Aceast\u0103 Politic\u0103 de Confiden\u021bialitate explic\u0103 modul \u00een care colect\u0103m, utiliz\u0103m \u0219i protej\u0103m informa\u021biile dumneavoastr\u0103 personale atunci c\u00e2nd utiliza\u021bi acest website. Prin accesarea \u0219i utilizarea website-ului, sunte\u021bi de acord cu prevederile acestei Politici de Confiden\u021bialitate. Dac\u0103 nu sunte\u021bi de acord cu aceste prevederi, v\u0103 rug\u0103m s\u0103 nu utiliza\u021bi website-ul.<\/p><\/div><\/div><div class=\"elementor-element elementor-element-45cd21f elementor-widget elementor-widget-heading\" data-id=\"45cd21f\" data-element_type=\"widget\" data-widget_type=\"heading.default\"><div class=\"elementor-widget-container\"><h2 class=\"elementor-heading-title elementor-size-default\">1. Colectarea informa\u021biilor personale<\/h2><\/div><\/div><div class=\"elementor-element elementor-element-99d31d7 elementor-widget elementor-widget-text-editor\" data-id=\"99d31d7\" data-element_type=\"widget\" data-widget_type=\"text-editor.default\"><div class=\"elementor-widget-container\"><p>1.1. Informa\u021bii furnizate voluntar: Atunci c\u00e2nd utiliza\u021bi formularele de contact disponibile pe website, vi se poate solicita s\u0103 furniza\u021bi informa\u021bii personale, cum ar fi numele complet, adresa de email, num\u0103rul de telefon \u0219i mesajul clientului. Aceste informa\u021bii sunt colectate numai cu consim\u021b\u0103m\u00e2ntul dumneavoastr\u0103 voluntar \u0219i sunt utilizate \u00een scopul comunic\u0103rii \u0219i r\u0103spunsului la solicit\u0103rile dumneavoastr\u0103.<\/p><p>1.2. Informa\u021bii colectate automat: Pe l\u00e2ng\u0103 informa\u021biile furnizate voluntar, website-ul utilizeaz\u0103 instrumente precum Google Tag Manager \u0219i Google Analytics pentru a colecta informa\u021bii non-personale despre modul \u00een care utiliza\u021bi website-ul. Aceste informa\u021bii pot include adresa IP, tipul de browser, paginile vizitate, durata sesiunii \u0219i alte detalii referitoare la activitatea pe website. Aceste informa\u021bii sunt colectate \u00een scopuri analitice \u0219i pentru a \u00eembun\u0103t\u0103\u021bi experien\u021ba utilizatorilor.<\/p><\/div><\/div><div class=\"elementor-element elementor-element-9d54faa elementor-widget elementor-widget-heading\" data-id=\"9d54faa\" data-element_type=\"widget\" data-widget_type=\"heading.default\"><div class=\"elementor-widget-container\"><h2 class=\"elementor-heading-title elementor-size-default\">2. Utilizarea informa\u021biilor colectate<\/h2><\/div><\/div><div class=\"elementor-element elementor-element-3d85d78 elementor-widget elementor-widget-text-editor\" data-id=\"3d85d78\" data-element_type=\"widget\" data-widget_type=\"text-editor.default\"><div class=\"elementor-widget-container\"><p>2.1. Comunicare \u0219i r\u0103spuns la solicit\u0103ri: Informa\u021biile personale furnizate prin intermediul formularelor de contact vor fi utilizate exclusiv \u00een scopul comunic\u0103rii cu dumneavoastr\u0103 \u0219i pentru a r\u0103spunde la solicit\u0103rile \u0219i \u00eentreb\u0103rile dumneavoastr\u0103. Aceste informa\u021bii nu vor fi folosite \u00een alte scopuri f\u0103r\u0103 consim\u021b\u0103m\u00e2ntul dumneavoastr\u0103.<\/p><p>2.2. Analize \u0219i \u00eembun\u0103t\u0103\u021biri: Informa\u021biile colectate automat prin Google Tag Manager \u0219i Google Analytics sunt utilizate \u00een scopuri analitice pentru a \u00een\u021belege \u0219i \u00eembun\u0103t\u0103\u021bi experien\u021ba utilizatorilor pe website. Aceste informa\u021bii ne ajut\u0103 s\u0103 analiz\u0103m traficul, s\u0103 evalu\u0103m performan\u021ba website-ului \u0219i s\u0103 oferim con\u021binut mai relevant \u0219i personalizat.<\/p><\/div><\/div><div class=\"elementor-element elementor-element-267f7b3 elementor-widget elementor-widget-heading\" data-id=\"267f7b3\" data-element_type=\"widget\" data-widget_type=\"heading.default\"><div class=\"elementor-widget-container\"><h2 class=\"elementor-heading-title elementor-size-default\">3. Protec\u021bia informa\u021biilor personale<\/h2><\/div><\/div><div class=\"elementor-element elementor-element-1aa6e45 elementor-widget elementor-widget-text-editor\" data-id=\"1aa6e45\" data-element_type=\"widget\" data-widget_type=\"text-editor.default\"><div class=\"elementor-widget-container\"><p>3.1. Securitatea datelor: Ne angaj\u0103m s\u0103 protej\u0103m informa\u021biile personale colectate \u00eempotriva accesului neautorizat, utiliz\u0103rii sau divulg\u0103rii lor neautorizate. Implement\u0103m m\u0103suri de securitate \u0219i proceduri tehnice, fizice \u0219i administrative adecvate pentru a proteja datele personale.<\/p><p>3.2. P\u0103strarea datelor: Informa\u021biile personale furnizate prin formularele de contact vor fi p\u0103strate doar pentru perioada necesar\u0103 pentru a r\u0103spunde la solicit\u0103rile \u0219i \u00eentreb\u0103rile dumneavoastr\u0103 sau conform cerin\u021belor legale.<\/p><\/div><\/div><div class=\"elementor-element elementor-element-d43f548 elementor-widget elementor-widget-heading\" data-id=\"d43f548\" data-element_type=\"widget\" data-widget_type=\"heading.default\"><div class=\"elementor-widget-container\"><h2 class=\"elementor-heading-title elementor-size-default\">4. Divulgarea informa\u021biilor c\u0103tre ter\u021bi<\/h2><\/div><\/div><div class=\"elementor-element elementor-element-475e3f3 elementor-widget elementor-widget-text-editor\" data-id=\"475e3f3\" data-element_type=\"widget\" data-widget_type=\"text-editor.default\"><div class=\"elementor-widget-container\"><p>4.1. Limitarea divulg\u0103rii: Informa\u021biile personale colectate nu vor fi v\u00e2ndute, \u00eenchiriate sau transferate unor ter\u021be p\u0103r\u021bi \u00een moduri diferite de cele descrise \u00een aceast\u0103 Politic\u0103 de Confiden\u021bialitate, cu excep\u021bia cazurilor \u00een care suntem obliga\u021bi s\u0103 facem acest lucru \u00een conformitate cu legile \u0219i reglement\u0103rile aplicabile sau \u00een situa\u021biile \u00een care sunte\u021bi de acord cu divulgarea.<\/p><\/div><\/div><div class=\"elementor-element elementor-element-b0f8842 elementor-widget elementor-widget-heading\" data-id=\"b0f8842\" data-element_type=\"widget\" data-widget_type=\"heading.default\"><div class=\"elementor-widget-container\"><h2 class=\"elementor-heading-title elementor-size-default\">6. Modific\u0103ri ale Politicii de Confiden\u021bialitate<\/h2><\/div><\/div><div class=\"elementor-element elementor-element-0a6f950 elementor-widget elementor-widget-text-editor\" data-id=\"0a6f950\" data-element_type=\"widget\" data-widget_type=\"text-editor.default\"><div class=\"elementor-widget-container\"><p>6.1. Actualiz\u0103ri ale Politicii de Confiden\u021bialitate: Ne rezerv\u0103m dreptul de a modifica aceast\u0103 Politic\u0103 de Confiden\u021bialitate \u00een orice moment, f\u0103r\u0103 notificare prealabil\u0103. Orice modific\u0103ri ale Politicii de Confiden\u021bialitate vor fi publicate pe website \u0219i vor intra \u00een vigoare \u00een momentul public\u0103rii.<\/p><\/div><\/div><div class=\"elementor-element elementor-element-7f13e4e elementor-widget elementor-widget-heading\" data-id=\"7f13e4e\" data-element_type=\"widget\" data-widget_type=\"heading.default\"><div class=\"elementor-widget-container\"><h2 class=\"elementor-heading-title elementor-size-default\">7. Contact<\/h2><\/div><\/div><div class=\"elementor-element elementor-element-9528762 elementor-widget elementor-widget-text-editor\" data-id=\"9528762\" data-element_type=\"widget\" data-widget_type=\"text-editor.default\"><div class=\"elementor-widget-container\"><p>7.1. Pentru orice \u00eentreb\u0103ri, preocup\u0103ri sau solicit\u0103ri referitoare la aceast\u0103 Politic\u0103 de Confiden\u021bialitate sau la utilizarea datelor personale, v\u0103 rug\u0103m s\u0103 ne contacta\u021bi prin intermediul detaliilor de contact furnizate pe website.<\/p><p>\u00a0<\/p><p>Data ultimei actualiz\u0103ri: 08.12.2023<\/p><p>\u00a0<\/p><\/div><\/div>\t\t\t\t\t\t<\/div>\n\t\t\t\t<\/div>\n\t\t\t\t\t<\/div>\n\t\t\t\t<\/div>\n\t\t\t\t\t\t\t<\/div>\n\t\t","protected":false},"excerpt":{"rendered":"<p>Mul\u021bumim pentru utilizarea website-ului Plug in Romania (plug-in-romania.net). Aceast\u0103 Politic\u0103 de Confiden\u021bialitate explic\u0103 modul \u00een care colect\u0103m, utiliz\u0103m \u0219i protej\u0103m informa\u021biile dumneavoastr\u0103 personale atunci c\u00e2nd utiliza\u021bi acest website. Prin accesarea \u0219i utilizarea website-ului, sunte\u021bi de acord cu prevederile acestei Politici de Confiden\u021bialitate. Dac\u0103 nu sunte\u021bi de acord cu aceste prevederi, v\u0103 rug\u0103m s\u0103 nu utiliza\u021bi [&hellip;]<\/p>\n","protected":false},"author":1,"featured_media":0,"parent":0,"menu_order":0,"comment_status":"closed","ping_status":"closed","template":"","meta":{"footnotes":""},"class_list":["post-87","page","type-page","status-publish","hentry"],"_links":{"self":[{"href":"https:\/\/plug-in-romania.net\/index.php\/wp-json\/wp\/v2\/pages\/87","targetHints":{"allow":["GET"]}}],"collection":[{"href":"https:\/\/plug-in-romania.net\/index.php\/wp-json\/wp\/v2\/pages"}],"about":[{"href":"https:\/\/plug-in-romania.net\/index.php\/wp-json\/wp\/v2\/types\/page"}],"author":[{"embeddable":true,"href":"https:\/\/plug-in-romania.net\/index.php\/wp-json\/wp\/v2\/users\/1"}],"replies":[{"embeddable":true,"href":"https:\/\/plug-in-romania.net\/index.php\/wp-json\/wp\/v2\/comments?post=87"}],"version-history":[{"count":4,"href":"https:\/\/plug-in-romania.net\/index.php\/wp-json\/wp\/v2\/pages\/87\/revisions"}],"predecessor-version":[{"id":92,"href":"https:\/\/plug-in-romania.net\/index.php\/wp-json\/wp\/v2\/pages\/87\/revisions\/92"}],"wp:attachment":[{"href":"https:\/\/plug-in-romania.net\/index.php\/wp-json\/wp\/v2\/media?parent=87"}],"curies":[{"name":"wp","href":"https:\/\/api.w.org\/{rel}","templated":true}]}}