{"id":82,"date":"2023-12-08T08:34:10","date_gmt":"2023-12-08T08:34:10","guid":{"rendered":"https:\/\/plug-in-romania.net\/?page_id=82"},"modified":"2023-12-08T08:37:47","modified_gmt":"2023-12-08T08:37:47","slug":"termeni-si-conditii","status":"publish","type":"page","link":"https:\/\/plug-in-romania.net\/index.php\/termeni-si-conditii\/","title":{"rendered":"Termeni \u0219i Condi\u021bii"},"content":{"rendered":"\t\t<div data-elementor-type=\"wp-page\" data-elementor-id=\"82\" class=\"elementor elementor-82\" data-elementor-post-type=\"page\">\n\t\t\t\t\t\t\t<div class=\"elementor-element elementor-element-7671735 e-flex e-con-boxed e-con e-parent\" data-id=\"7671735\" data-element_type=\"container\" data-settings=\"{&quot;content_width&quot;:&quot;boxed&quot;}\" data-core-v316-plus=\"true\">\n\t\t\t\t\t<div class=\"e-con-inner\">\n\t\t\t\t<div class=\"elementor-element elementor-element-9815faa elementor-widget elementor-widget-text-editor\" data-id=\"9815faa\" data-element_type=\"widget\" data-widget_type=\"text-editor.default\">\n\t\t\t\t<div class=\"elementor-widget-container\">\n\t\t\t<style>\/*! elementor - v3.17.0 - 08-11-2023 *\/\n.elementor-widget-text-editor.elementor-drop-cap-view-stacked .elementor-drop-cap{background-color:#69727d;color:#fff}.elementor-widget-text-editor.elementor-drop-cap-view-framed .elementor-drop-cap{color:#69727d;border:3px solid;background-color:transparent}.elementor-widget-text-editor:not(.elementor-drop-cap-view-default) .elementor-drop-cap{margin-top:8px}.elementor-widget-text-editor:not(.elementor-drop-cap-view-default) .elementor-drop-cap-letter{width:1em;height:1em}.elementor-widget-text-editor .elementor-drop-cap{float:left;text-align:center;line-height:1;font-size:50px}.elementor-widget-text-editor .elementor-drop-cap-letter{display:inline-block}<\/style>\t\t\t\t<div class=\"elementor-element elementor-element-7c311366 elementor-widget elementor-widget-text-editor\" data-id=\"7c311366\" data-element_type=\"widget\" data-widget_type=\"text-editor.default\"><div class=\"elementor-widget-container\"><p>V\u0103 mul\u021bumim c\u0103 a\u021bi vizitat website-ul Plug in Romania (plug-in-romania.net). Accesul \u0219i utilizarea acestui website sunt supuse Termenilor \u0219i Condi\u021biilor descrise mai jos. Prin utilizarea acestui website, sunte\u021bi de acord cu ace\u0219ti Termeni \u0219i Condi\u021bii \u00een \u00eentregime. Dac\u0103 nu sunte\u021bi de acord cu ace\u0219ti Termeni \u0219i Condi\u021bii, v\u0103 rug\u0103m s\u0103 nu utiliza\u021bi acest website.<\/p><\/div><\/div><div class=\"elementor-element elementor-element-5c9dc866 elementor-widget elementor-widget-heading\" data-id=\"5c9dc866\" data-element_type=\"widget\" data-widget_type=\"heading.default\"><div class=\"elementor-widget-container\"><h2 class=\"elementor-heading-title elementor-size-default\">1. Confiden\u021bialitatea datelor<\/h2><\/div><\/div><div class=\"elementor-element elementor-element-1dba3751 elementor-widget elementor-widget-text-editor\" data-id=\"1dba3751\" data-element_type=\"widget\" data-widget_type=\"text-editor.default\"><div class=\"elementor-widget-container\"><p>1.1. Protec\u021bia datelor personale: Prin utilizarea formularelor de contact disponibile pe website, \u00een\u021belegem c\u0103 sunte\u021bi de acord s\u0103 furniza\u021bi informa\u021biile personale solicitate, cum ar fi numele complet, adresa de email, num\u0103rul de telefon \u0219i mesajul clientului. Aceste informa\u021bii vor fi utilizate strict \u00een scopul comunic\u0103rii cu dumneavoastr\u0103 \u0219i pentru a r\u0103spunde la solicit\u0103rile dumneavoastr\u0103. Ne angaj\u0103m s\u0103 respect\u0103m confiden\u021bialitatea \u0219i s\u0103 protej\u0103m datele personale furnizate conform Politicii noastre de Confiden\u021bialitate.<\/p><p>1.2. Colectarea datelor: Website-ul Plug in Romania utilizeaz\u0103 Google Tag Manager \u0219i Google Analytics pentru a colecta informa\u021bii privind evenimentele pe website, precum paginile vizitate, durata sesiunii \u0219i alte detalii relevante. Aceste informa\u021bii ne ajut\u0103 s\u0103 \u00eembun\u0103t\u0103\u021bim experien\u021ba utilizatorilor \u0219i s\u0103 oferim con\u021binut mai relevant. Colectarea \u0219i utilizarea datelor \u00een scopuri analitice sunt supuse Politicii noastre de Confiden\u021bialitate.<\/p><\/div><\/div><div class=\"elementor-element elementor-element-7f337c53 elementor-widget elementor-widget-heading\" data-id=\"7f337c53\" data-element_type=\"widget\" data-widget_type=\"heading.default\"><div class=\"elementor-widget-container\"><h2 class=\"elementor-heading-title elementor-size-default\">2. Drepturi de proprietate intelectual\u0103<\/h2><\/div><\/div><div class=\"elementor-element elementor-element-112265d1 elementor-widget elementor-widget-text-editor\" data-id=\"112265d1\" data-element_type=\"widget\" data-widget_type=\"text-editor.default\"><div class=\"elementor-widget-container\"><p>2.1. Con\u021binutul website-ului: Toate drepturile de autor \u0219i drepturile de proprietate intelectual\u0103 asupra con\u021binutului acestui website (incluz\u00e2nd, dar f\u0103r\u0103 a se limita la text, grafic\u0103, logo-uri, imagini, clipuri audio \u0219i video) sunt de\u021binute de plug-in-romania sau de ter\u021bii care ne-au acordat drepturi de utilizare. Reproducerea, distribuirea sau utilizarea oric\u0103rui con\u021binut din acest website \u00een alte scopuri dec\u00e2t cele permise de Termeni \u0219i Condi\u021bii este strict interzis\u0103.<\/p><\/div><\/div><div class=\"elementor-element elementor-element-24766fb elementor-widget elementor-widget-heading\" data-id=\"24766fb\" data-element_type=\"widget\" data-widget_type=\"heading.default\"><div class=\"elementor-widget-container\"><h2 class=\"elementor-heading-title elementor-size-default\">3. Excluderea responsabilit\u0103\u021bii<\/h2><\/div><\/div><div class=\"elementor-element elementor-element-7f0e29a3 elementor-widget elementor-widget-text-editor\" data-id=\"7f0e29a3\" data-element_type=\"widget\" data-widget_type=\"text-editor.default\"><div class=\"elementor-widget-container\"><p>3.1. Accesul \u0219i utilizarea website-ului: Accesul \u0219i utilizarea acestui website sunt pe propriul risc al utilizatorului. Ne str\u0103duim s\u0103 asigur\u0103m acurate\u021bea \u0219i actualizarea informa\u021biilor prezentate pe website, dar nu putem garanta c\u0103 informa\u021biile sunt complete, precise sau actualizate \u00een permanen\u021b\u0103. Ne rezerv\u0103m dreptul de a modifica con\u021binutul website-ului f\u0103r\u0103 notificare prealabil\u0103.<\/p><p>3.2. Link-uri c\u0103tre alte website-uri: Acest website poate con\u021bine link-uri c\u0103tre alte website-uri care nu sunt sub controlul nostru. Nu ne asum\u0103m responsabilitatea pentru con\u021binutul, politica de confiden\u021bialitate sau practicile altor website-uri. Vizitarea \u0219i utilizarea acestor website-uri externe se fac pe propriul risc al utilizatorului.<\/p><\/div><\/div><div class=\"elementor-element elementor-element-39639e68 elementor-widget elementor-widget-heading\" data-id=\"39639e68\" data-element_type=\"widget\" data-widget_type=\"heading.default\"><div class=\"elementor-widget-container\"><h2 class=\"elementor-heading-title elementor-size-default\">4. Modific\u0103ri ale Termenilor \u0219i Condi\u021biilor<\/h2><\/div><\/div><div class=\"elementor-element elementor-element-5f9b4b3e elementor-widget elementor-widget-text-editor\" data-id=\"5f9b4b3e\" data-element_type=\"widget\" data-widget_type=\"text-editor.default\"><div class=\"elementor-widget-container\"><p>4.1. Ne rezerv\u0103m dreptul de a modifica ace\u0219ti Termeni \u0219i Condi\u021bii \u00een orice moment, f\u0103r\u0103 notificare prealabil\u0103. Utilizarea continu\u0103 a website-ului dup\u0103 efectuarea modific\u0103rilor reprezint\u0103 acceptul dumneavoastr\u0103 al Termenilor \u0219i Condi\u021biilor actualizate.<\/p><\/div><\/div><div class=\"elementor-element elementor-element-1784b086 elementor-widget elementor-widget-heading\" data-id=\"1784b086\" data-element_type=\"widget\" data-widget_type=\"heading.default\"><div class=\"elementor-widget-container\"><h2 class=\"elementor-heading-title elementor-size-default\">5. Contact<\/h2><\/div><\/div><div class=\"elementor-element elementor-element-18b6dca0 elementor-widget elementor-widget-text-editor\" data-id=\"18b6dca0\" data-element_type=\"widget\" data-widget_type=\"text-editor.default\"><div class=\"elementor-widget-container\"><p>5.1. Pentru orice \u00eentreb\u0103ri, sugestii sau solicit\u0103ri legate de ace\u0219ti Termeni \u0219i Condi\u021bii sau despre utilizarea website-ului, v\u0103 rug\u0103m s\u0103 ne contacta\u021bi prin intermediul detaliilor de contact furnizate pe website.<\/p><p>Data ultimei actualiz\u0103ri: 11.07.2023<\/p><\/div><\/div>\t\t\t\t\t\t<\/div>\n\t\t\t\t<\/div>\n\t\t\t\t\t<\/div>\n\t\t\t\t<\/div>\n\t\t\t\t\t\t\t<\/div>\n\t\t","protected":false},"excerpt":{"rendered":"<p>V\u0103 mul\u021bumim c\u0103 a\u021bi vizitat website-ul Plug in Romania (plug-in-romania.net). Accesul \u0219i utilizarea acestui website sunt supuse Termenilor \u0219i Condi\u021biilor descrise mai jos. Prin utilizarea acestui website, sunte\u021bi de acord cu ace\u0219ti Termeni \u0219i Condi\u021bii \u00een \u00eentregime. Dac\u0103 nu sunte\u021bi de acord cu ace\u0219ti Termeni \u0219i Condi\u021bii, v\u0103 rug\u0103m s\u0103 nu utiliza\u021bi acest website. 1. [&hellip;]<\/p>\n","protected":false},"author":1,"featured_media":0,"parent":0,"menu_order":0,"comment_status":"closed","ping_status":"closed","template":"","meta":{"footnotes":""},"class_list":["post-82","page","type-page","status-publish","hentry"],"_links":{"self":[{"href":"https:\/\/plug-in-romania.net\/index.php\/wp-json\/wp\/v2\/pages\/82","targetHints":{"allow":["GET"]}}],"collection":[{"href":"https:\/\/plug-in-romania.net\/index.php\/wp-json\/wp\/v2\/pages"}],"about":[{"href":"https:\/\/plug-in-romania.net\/index.php\/wp-json\/wp\/v2\/types\/page"}],"author":[{"embeddable":true,"href":"https:\/\/plug-in-romania.net\/index.php\/wp-json\/wp\/v2\/users\/1"}],"replies":[{"embeddable":true,"href":"https:\/\/plug-in-romania.net\/index.php\/wp-json\/wp\/v2\/comments?post=82"}],"version-history":[{"count":4,"href":"https:\/\/plug-in-romania.net\/index.php\/wp-json\/wp\/v2\/pages\/82\/revisions"}],"predecessor-version":[{"id":86,"href":"https:\/\/plug-in-romania.net\/index.php\/wp-json\/wp\/v2\/pages\/82\/revisions\/86"}],"wp:attachment":[{"href":"https:\/\/plug-in-romania.net\/index.php\/wp-json\/wp\/v2\/media?parent=82"}],"curies":[{"name":"wp","href":"https:\/\/api.w.org\/{rel}","templated":true}]}}